{"id":7698,"date":"2023-08-19T15:59:32","date_gmt":"2023-08-19T13:59:32","guid":{"rendered":"https:\/\/stage.kbc-consultants.com\/restructuring\/"},"modified":"2024-01-26T16:20:08","modified_gmt":"2024-01-26T15:20:08","slug":"restructuring","status":"publish","type":"page","link":"https:\/\/kbc-consultants.com\/us\/expertise\/restructuring\/","title":{"rendered":"Expertise &#8211; Restructuring"},"content":{"rendered":"\n<p class=\"is-style-tagline\">Restructuring<\/p>\n\n\n\n<h1 class=\"wp-block-heading is-style-h2\">We restore your competitiveness<\/h1>\n\n\n\n<p class=\"is-style-p-large\">We make measurable contributions to overcoming your business challenges &#8211; from strategic crisis to insolvency. In the short term, we identify and realize optimization potential and develop sustainable reorganization measures to restore your competitiveness.<\/p>\n\n\n\n<h2 class=\"wp-block-heading is-style-h3\" id=\"entrepreneurs-and-owners\">Entrepreneurs and owners<\/h2>\n\n\n\n<p>We support you in identifying and realizing short- or medium-term optimization potential up to the preparation of reorganization reports, going concern valuations or restructuring concepts. We accompany you in the implementation of the necessary measures.<\/p>\n\n\n\n<p>If required, we also take on responsibility as interim managers in operational functions (assumption of functions \/ executive bodies), in particular in the areas of finance and production, e.g. as CEO, CFO, COO.<\/p>\n\n\n\n<h2 class=\"wp-block-heading is-style-h3\" id=\"supply-chain-and-risk-manager\">Supply Chain and Risk Manager<\/h2>\n\n\n\n<p>We support or take over your supplier management and supply assurance with regard to quantity, quality and costs. For the sustainable stabilization of your supply chains, we evaluate for you the continued viability of the business relationship with your crisis-ridden supplier and point out solutions from the supply crisis.<\/p>\n\n\n\n<p>In addition, we support you and your suppliers in the transformation process towards sustainable business models and\/or Product portfolios.<\/p>\n\n\n\n<p>Are you concerned about the stability of your supply chain? You can find out more about supply chain management and the reorganization of supply chains to increase resilience <strong><a href=\"https:\/\/kbc-consultants.com\/en\/expertise-supply-chain-management\/\">here<\/a><\/strong>.<\/p>\n\n\n\n<h2 class=\"wp-block-heading is-style-h3\" id=\"financial-institutions-insolvency-and-property-administrators\">Financial institutions, insolvency and property administrators<\/h2>\n\n\n\n<p>In the context of insolvency proceedings, we work closely with the responsible insolvency or property administrator as well as the stakeholders of affected companies. Depending on the situation, we analyze and assess the financial and operational viability of the company as a whole or of individual business units.<\/p>\n\n\n\n<p>In addition, we develop and initialize operational restructuring concepts, taking into account all stakeholder interests. Our focus is on the sustainable optimization of financial and production areas and the corresponding personnel structure. In this way, we lay the foundation for sustainable business operations.<\/p>\n\n\n\n<p>If desired, we also support our clients in the search for investors in the context of M&amp;A processes.<\/p>\n\n\n\n<div  class=\" f4-block-team-single-teaser-kbc alignfull is-layout-constrained type-large alignfull alignright has-background has-tertiary-background-color\"   >\n\n    <div class=\"team-single__wrapper\">\n        <div class=\"block-media\">\n            <div class=\"team_member  align--left\"><div class=\"team_member__image\"><div class=\"f4_img--adaptive team-single-image\" ><div class=\"f4_img-container f4_img--mobile square\" ><img width=\"700\" height=\"700\" src=\"https:\/\/kbc-consultants.com\/wp-content\/uploads\/2023\/08\/Jost_von-Trott-zu-Solz-700x700.png\" class=\"attachment-square size-square\" alt=\"M\u00e4nnliche Person, blonde kurze Haare, blaue Augen, neutraler Gesichtsausdruck, tr\u00e4gt ein wei\u00dfes Hemd, eine dunkelblaue Jacke und beige Hose, stehend mit beiden H\u00e4nden in den Hosentaschen\" decoding=\"async\" loading=\"lazy\" srcset=\"https:\/\/kbc-consultants.com\/wp-content\/uploads\/2023\/08\/Jost_von-Trott-zu-Solz-700x700.png 700w, https:\/\/kbc-consultants.com\/wp-content\/uploads\/2023\/08\/Jost_von-Trott-zu-Solz-150x150.png 150w, https:\/\/kbc-consultants.com\/wp-content\/uploads\/2023\/08\/Jost_von-Trott-zu-Solz-300x300.png 300w\" sizes=\"auto, (max-width: 700px) 100vw, 700px\" \/><\/div><div class=\"f4_img-container f4_img--desktop square\" ><img width=\"700\" height=\"700\" src=\"https:\/\/kbc-consultants.com\/wp-content\/uploads\/2023\/08\/Jost_von-Trott-zu-Solz-700x700.png\" class=\"attachment-square size-square\" alt=\"M\u00e4nnliche Person, blonde kurze Haare, blaue Augen, neutraler Gesichtsausdruck, tr\u00e4gt ein wei\u00dfes Hemd, eine dunkelblaue Jacke und beige Hose, stehend mit beiden H\u00e4nden in den Hosentaschen\" decoding=\"async\" loading=\"lazy\" srcset=\"https:\/\/kbc-consultants.com\/wp-content\/uploads\/2023\/08\/Jost_von-Trott-zu-Solz-700x700.png 700w, https:\/\/kbc-consultants.com\/wp-content\/uploads\/2023\/08\/Jost_von-Trott-zu-Solz-150x150.png 150w, https:\/\/kbc-consultants.com\/wp-content\/uploads\/2023\/08\/Jost_von-Trott-zu-Solz-300x300.png 300w\" sizes=\"auto, (max-width: 700px) 100vw, 700px\" \/><\/div><\/div><\/div><div class=\"team_member__copy\"><div class=\"team_member__title\">Jost von Trott zu Solz<\/div><div class=\"team_member__jobtitle\">Partner<\/div><ul class=\"team_contact_links\"><li class=\"wp-block-button has-icon icon--email-default\"><a class=\"wp-block-button__link\" title=\"j.v.trott@kbc-consultants.com\" href=\"mailto:j.v.trott@kbc-consultants.com\" target=\"_blank\" rel=\"noreferrer\" itemprop=\"sameAs\"><\/a><\/li><li class=\"wp-block-button has-icon icon--phone-default\"><a class=\"wp-block-button__link\" title=\"+49 151 148 474 23\" href=\"tel:+4915114847423\" target=\"_blank\" rel=\"noreferrer\" itemprop=\"sameAs\"><\/a><\/li><\/ul><\/div><\/div>        <\/div>\n\n\n\n        <div class=\"block-inner\">\n            <div class=\"content-wrapper\">\n\n                <div class=\"acf-innerblocks-container\">\n\n<p class=\"is-style-tagline\">You need assistance in times of crisis?<\/p>\n\n\n\n<p class=\"is-style-h4\">Your contact<\/p>\n\n<\/div>            <\/div>\n        <\/div>\n    <\/div>\n\n<\/div>\n\n\n\n<div  class=\" f4-block-portfolio-slider is-layout-constrained alignfull\"   >\n\n\n    <div class=\"block-inner\">\n\n\n        <div class=\"block-content\">\n            <div class=\"acf-innerblocks-container\">\n\n<div class=\"wp-block-columns is-layout-flex wp-container-core-columns-is-layout-9d6595d7 wp-block-columns-is-layout-flex\">\n<div class=\"wp-block-column is-layout-flow wp-block-column-is-layout-flow\">\n<p class=\"is-style-tagline\"><strong><strong><strong>Project examples<\/strong><\/strong><\/strong><\/p>\n\n\n\n<h2 class=\"wp-block-heading\">WITH US, THERE IS NO SOLUTION off-the-shelf<\/h2>\n<\/div>\n\n\n\n<div class=\"wp-block-column is-layout-flow wp-block-column-is-layout-flow\">\n<p>&nbsp;<\/p>\n\n\n\n<p>Absolute identification with the specifics, concerns and problems of our customers distinguishes us as an excellent consultancy. We accept their challenges as if they were our own. Our examples for restructuring projects speak for this.<\/p>\n\n\n\n<div class=\"wp-block-buttons is-layout-flex wp-block-buttons-is-layout-flex\">\n<div class=\"wp-block-button is-style-text has-icon--circle-outline-arrow-right-primary icon-position--left\"><a class=\"wp-block-button__link wp-element-button\" href=\"https:\/\/kbc-consultants.com\/us\/project-examples\/\">more Project Examples<\/a><\/div>\n<\/div>\n<\/div>\n<\/div>\n\n<\/div>        <\/div>\n\n        \n        <div class=\"block-media\">\n            <div class=\"main-slider \" id=\"slider_69e08f17c0c3f\" > <div class=\"swiper-wrapper\">\t\t<div class=\"swiper-slide \"   >\t\t\t<div class=\"swiper-slide__inner\"><article  class=\"f4_post-teaser post-teaser--kbc-01  f4-portfolio-teaser is-sticky has-image\"  id=\"post-7291\" ><div class=\"f4_post-teaser__inner\"><a class=\"f4_post-teaser__media \"  href=\"https:\/\/kbc-consultants.com\/us\/praxisbeispiele\/restructuring-of-an-automotive-supplier-in-insolvency-proceedings\/\"  target=\"_self\"  aria-label=\"Restructuring of an automotive supplier in insolvency proceedings\" ><figure class=\"f4_img-container  landscape\" ><img width=\"690\" height=\"388\" src=\"https:\/\/kbc-consultants.com\/wp-content\/uploads\/2023\/11\/Felgenproduktion_5-690x388.png\" class=\"attachment-teaser-medium size-teaser-medium\" alt=\"Mann im Anzug steht in einem blau angestrahlten Felgenlager\" decoding=\"async\" loading=\"lazy\" srcset=\"https:\/\/kbc-consultants.com\/wp-content\/uploads\/2023\/11\/Felgenproduktion_5-690x388.png 690w, https:\/\/kbc-consultants.com\/wp-content\/uploads\/2023\/11\/Felgenproduktion_5-300x168.png 300w\" sizes=\"auto, (max-width: 690px) 100vw, 690px\" \/><\/figure><\/a><div class=\"f4_post-teaser__content\"><nav class=\"f4_post-teaser__category-list\"><ul class=\"f4_term-list f4_portfolio_taxonomy\"><li>Restructuring<\/li><\/ul><\/nav><a class=\"f4_post-teaser__title \"  href=\"https:\/\/kbc-consultants.com\/us\/praxisbeispiele\/restructuring-of-an-automotive-supplier-in-insolvency-proceedings\/\"  target=\"_self\"  aria-label=\"Restructuring of an automotive supplier in insolvency proceedings\" >Restructuring of an automotive supplier in insolvency proceedings<\/a><a class=\"f4_post-teaser__excerpt \"  href=\"https:\/\/kbc-consultants.com\/us\/praxisbeispiele\/restructuring-of-an-automotive-supplier-in-insolvency-proceedings\/\"  target=\"_self\"  aria-label=\"Restructuring of an automotive supplier in insolvency proceedings\" ><div class=\"entry-excerpt\">\n\n\n\nIn a critical phase of insolvency, a well-known manufacturer of cast aluminum wheels was faced with the challenge of fundamentally restructuring its production processes. The aim was to increase efficiency &#8230;<\/div><\/a><div class=\"wp-block-buttons is-layout-flex\"><div class=\"wp-block-button is-style-text has-icon--circle-outline-arrow-right-primary icon-position--left\"><a class=\"f4_post-teaser__excerpt wp-block-button__link wp-element-button\"  href=\"https:\/\/kbc-consultants.com\/us\/praxisbeispiele\/restructuring-of-an-automotive-supplier-in-insolvency-proceedings\/\"  target=\"_self\"  aria-label=\"Restructuring of an automotive supplier in insolvency proceedings\" >MORE<\/a><\/div><\/div><\/div><\/div><\/article>\t\t\t<\/div>\t\t<\/div><\/div><div class=\"swiper-ui\"><div class=\"swiper-scrollbar\"><\/div><div class=\"swiper-navigation\"><div class=\"swiper-pagination\"><\/div><div class=\"swiper-button-prev\"><\/div><div class=\"swiper-button-next\"><\/div><\/div><\/div><\/div>        <\/div>\n    <\/div>\n\n<\/div>\n\n\n","protected":false},"excerpt":{"rendered":"<p>We make measurable contributions to overcoming your business challenges &#8211; from strategic crisis to insolvency. In the short term, we identify and realize optimization potential and develop sustainable reorganization measures to restore your competitiveness.<\/p>\n<p>Entrepreneurs and owners<\/p>\n<p>We support you in identifying and realizing short- or medium-term optimization potential up to the preparation of reorganization reports, going concern valuations or restructuring concepts. We accompany you in the implementation of the necessary measures.<\/p>\n<p>If required, we also take on responsibility as interim managers in operational functions (assumption of functions \/ executive bodies), in particular in the areas of finance and production, e.g. as CEO, CFO, COO.<\/p>\n<p>Supply Chain and Risk Manager<\/p>\n<p>We support or take over your supplier management and supply assurance with regard to quantity, quality and costs. For the sustainable stabilization of your supply chains, we evaluate for you the continued viability of the business relationship with your crisis-ridden supplier and point out solutions from the supply crisis.<\/p>\n<p>In addition, we support you and your suppliers in the transformation process towards sustainable business models and\/or Product portfolios.<\/p>\n<p>Are you concerned about the stability of your supply chain? You can find out more about supply chain management and the reorganization of supply chains to increase resilience here.<\/p>\n<p>Financial institutions, insolvency and property administrators<\/p>\n<p>In the context of insolvency proceedings, we work closely with the responsible insolvency or property administrator as well as the stakeholders of affected companies. Depending on the situation, we analyze and assess the financial and operational viability of the company as a whole or of individual business units.<\/p>\n<p>In addition, we develop and initialize operational restructuring concepts, taking into account all stakeholder interests. Our focus is on the sustainable optimization of financial and production areas and the corresponding personnel structure. In this way, we lay the foundation for sustainable business operations.<\/p>\n<p>If desired, we also support our clients in the search for investors in the context of M&amp;A processes.<\/p>\n<p>You need assistance in times of crisis?<\/p>\n<p>Your contact<\/p>\n<p>Project examples<\/p>\n<p>WITH US, THERE IS NO SOLUTION off-the-shelf<\/p>\n<p>&nbsp;<\/p>\n<p>Absolute identification with the specifics, concerns and problems of our customers distinguishes us as an excellent consultancy. We accept their challenges as if they were our own. Our examples for restructuring projects speak for this.<\/p>\n<p>more Project Examples<\/p>\n<p>Insights<\/p>\n<p>Werkshalle sticht Stilles K\u00e4mmerlein<\/p>\n","protected":false},"author":9,"featured_media":0,"parent":7718,"menu_order":0,"comment_status":"closed","ping_status":"closed","template":"","meta":{"footnotes":""},"f4_portfolio_taxonomy":[95],"class_list":["post-7698","page","type-page","status-publish","hentry"],"yoast_head":"<!-- This site is optimized with the Yoast SEO plugin v27.0 - https:\/\/yoast.com\/product\/yoast-seo-wordpress\/ -->\n<title>Expertise - Restructuring - KBC: We restore your competitiveness<\/title>\n<meta name=\"description\" content=\"Restructuring : Identification of optimization potentials as well as development of sustainable reorganization measures to restore competitiveness.\" \/>\n<meta name=\"robots\" content=\"index, follow, max-snippet:-1, max-image-preview:large, max-video-preview:-1\" \/>\n<link rel=\"canonical\" href=\"https:\/\/kbc-consultants.com\/us\/expertise\/restructuring\/\" \/>\n<meta property=\"og:locale\" content=\"en_US\" \/>\n<meta property=\"og:type\" content=\"article\" \/>\n<meta property=\"og:title\" content=\"Expertise - Restructuring - KBC: We restore your competitiveness\" \/>\n<meta property=\"og:description\" content=\"Restructuring : Identification of optimization potentials as well as development of sustainable reorganization measures to restore competitiveness.\" \/>\n<meta property=\"og:url\" content=\"https:\/\/kbc-consultants.com\/us\/expertise\/restructuring\/\" \/>\n<meta property=\"og:site_name\" content=\"KBC\" \/>\n<meta property=\"article:modified_time\" content=\"2024-01-26T15:20:08+00:00\" \/>\n<meta name=\"twitter:card\" content=\"summary_large_image\" \/>\n<meta name=\"twitter:label1\" content=\"Est. reading time\" \/>\n\t<meta name=\"twitter:data1\" content=\"3 minutes\" \/>\n<script type=\"application\/ld+json\" class=\"yoast-schema-graph\">{\"@context\":\"https:\/\/schema.org\",\"@graph\":[{\"@type\":\"WebPage\",\"@id\":\"https:\/\/kbc-consultants.com\/us\/expertise\/restructuring\/\",\"url\":\"https:\/\/kbc-consultants.com\/us\/expertise\/restructuring\/\",\"name\":\"Expertise - Restructuring - KBC: We restore your competitiveness\",\"isPartOf\":{\"@id\":\"https:\/\/kbc-consultants.com\/us\/#website\"},\"datePublished\":\"2023-08-19T13:59:32+00:00\",\"dateModified\":\"2024-01-26T15:20:08+00:00\",\"description\":\"Restructuring : Identification of optimization potentials as well as development of sustainable reorganization measures to restore competitiveness.\",\"breadcrumb\":{\"@id\":\"https:\/\/kbc-consultants.com\/us\/expertise\/restructuring\/#breadcrumb\"},\"inLanguage\":\"en-US\",\"potentialAction\":[{\"@type\":\"ReadAction\",\"target\":[\"https:\/\/kbc-consultants.com\/us\/expertise\/restructuring\/\"]}]},{\"@type\":\"BreadcrumbList\",\"@id\":\"https:\/\/kbc-consultants.com\/us\/expertise\/restructuring\/#breadcrumb\",\"itemListElement\":[{\"@type\":\"ListItem\",\"position\":1,\"name\":\"Startseite\",\"item\":\"https:\/\/kbc-consultants.com\/us\/\"},{\"@type\":\"ListItem\",\"position\":2,\"name\":\"Expertise\",\"item\":\"https:\/\/kbc-consultants.com\/us\/expertise\/\"},{\"@type\":\"ListItem\",\"position\":3,\"name\":\"Expertise &#8211; Restructuring\"}]},{\"@type\":\"WebSite\",\"@id\":\"https:\/\/kbc-consultants.com\/us\/#website\",\"url\":\"https:\/\/kbc-consultants.com\/us\/\",\"name\":\"KBC\",\"description\":\"\",\"publisher\":{\"@id\":\"https:\/\/kbc-consultants.com\/us\/#organization\"},\"potentialAction\":[{\"@type\":\"SearchAction\",\"target\":{\"@type\":\"EntryPoint\",\"urlTemplate\":\"https:\/\/kbc-consultants.com\/us\/?s={search_term_string}\"},\"query-input\":{\"@type\":\"PropertyValueSpecification\",\"valueRequired\":true,\"valueName\":\"search_term_string\"}}],\"inLanguage\":\"en-US\"},{\"@type\":\"Organization\",\"@id\":\"https:\/\/kbc-consultants.com\/us\/#organization\",\"name\":\"KBC\",\"url\":\"https:\/\/kbc-consultants.com\/us\/\",\"logo\":{\"@type\":\"ImageObject\",\"inLanguage\":\"en-US\",\"@id\":\"https:\/\/kbc-consultants.com\/us\/#\/schema\/logo\/image\/\",\"url\":\"https:\/\/kbc-consultants.com\/wp-content\/uploads\/2023\/09\/cropped-KBC_Bildmarke_pos.jpg\",\"contentUrl\":\"https:\/\/kbc-consultants.com\/wp-content\/uploads\/2023\/09\/cropped-KBC_Bildmarke_pos.jpg\",\"width\":512,\"height\":512,\"caption\":\"KBC\"},\"image\":{\"@id\":\"https:\/\/kbc-consultants.com\/us\/#\/schema\/logo\/image\/\"}}]}<\/script>\n<!-- \/ Yoast SEO plugin. -->","yoast_head_json":{"title":"Expertise - Restructuring - KBC: We restore your competitiveness","description":"Restructuring : Identification of optimization potentials as well as development of sustainable reorganization measures to restore competitiveness.","robots":{"index":"index","follow":"follow","max-snippet":"max-snippet:-1","max-image-preview":"max-image-preview:large","max-video-preview":"max-video-preview:-1"},"canonical":"https:\/\/kbc-consultants.com\/us\/expertise\/restructuring\/","og_locale":"en_US","og_type":"article","og_title":"Expertise - Restructuring - KBC: We restore your competitiveness","og_description":"Restructuring : Identification of optimization potentials as well as development of sustainable reorganization measures to restore competitiveness.","og_url":"https:\/\/kbc-consultants.com\/us\/expertise\/restructuring\/","og_site_name":"KBC","article_modified_time":"2024-01-26T15:20:08+00:00","twitter_card":"summary_large_image","twitter_misc":{"Est. reading time":"3 minutes"},"schema":{"@context":"https:\/\/schema.org","@graph":[{"@type":"WebPage","@id":"https:\/\/kbc-consultants.com\/us\/expertise\/restructuring\/","url":"https:\/\/kbc-consultants.com\/us\/expertise\/restructuring\/","name":"Expertise - Restructuring - KBC: We restore your competitiveness","isPartOf":{"@id":"https:\/\/kbc-consultants.com\/us\/#website"},"datePublished":"2023-08-19T13:59:32+00:00","dateModified":"2024-01-26T15:20:08+00:00","description":"Restructuring : Identification of optimization potentials as well as development of sustainable reorganization measures to restore competitiveness.","breadcrumb":{"@id":"https:\/\/kbc-consultants.com\/us\/expertise\/restructuring\/#breadcrumb"},"inLanguage":"en-US","potentialAction":[{"@type":"ReadAction","target":["https:\/\/kbc-consultants.com\/us\/expertise\/restructuring\/"]}]},{"@type":"BreadcrumbList","@id":"https:\/\/kbc-consultants.com\/us\/expertise\/restructuring\/#breadcrumb","itemListElement":[{"@type":"ListItem","position":1,"name":"Startseite","item":"https:\/\/kbc-consultants.com\/us\/"},{"@type":"ListItem","position":2,"name":"Expertise","item":"https:\/\/kbc-consultants.com\/us\/expertise\/"},{"@type":"ListItem","position":3,"name":"Expertise &#8211; Restructuring"}]},{"@type":"WebSite","@id":"https:\/\/kbc-consultants.com\/us\/#website","url":"https:\/\/kbc-consultants.com\/us\/","name":"KBC","description":"","publisher":{"@id":"https:\/\/kbc-consultants.com\/us\/#organization"},"potentialAction":[{"@type":"SearchAction","target":{"@type":"EntryPoint","urlTemplate":"https:\/\/kbc-consultants.com\/us\/?s={search_term_string}"},"query-input":{"@type":"PropertyValueSpecification","valueRequired":true,"valueName":"search_term_string"}}],"inLanguage":"en-US"},{"@type":"Organization","@id":"https:\/\/kbc-consultants.com\/us\/#organization","name":"KBC","url":"https:\/\/kbc-consultants.com\/us\/","logo":{"@type":"ImageObject","inLanguage":"en-US","@id":"https:\/\/kbc-consultants.com\/us\/#\/schema\/logo\/image\/","url":"https:\/\/kbc-consultants.com\/wp-content\/uploads\/2023\/09\/cropped-KBC_Bildmarke_pos.jpg","contentUrl":"https:\/\/kbc-consultants.com\/wp-content\/uploads\/2023\/09\/cropped-KBC_Bildmarke_pos.jpg","width":512,"height":512,"caption":"KBC"},"image":{"@id":"https:\/\/kbc-consultants.com\/us\/#\/schema\/logo\/image\/"}}]}},"acf":[],"_links":{"self":[{"href":"https:\/\/kbc-consultants.com\/us\/wp-json\/wp\/v2\/pages\/7698","targetHints":{"allow":["GET"]}}],"collection":[{"href":"https:\/\/kbc-consultants.com\/us\/wp-json\/wp\/v2\/pages"}],"about":[{"href":"https:\/\/kbc-consultants.com\/us\/wp-json\/wp\/v2\/types\/page"}],"author":[{"embeddable":true,"href":"https:\/\/kbc-consultants.com\/us\/wp-json\/wp\/v2\/users\/9"}],"replies":[{"embeddable":true,"href":"https:\/\/kbc-consultants.com\/us\/wp-json\/wp\/v2\/comments?post=7698"}],"version-history":[{"count":2,"href":"https:\/\/kbc-consultants.com\/us\/wp-json\/wp\/v2\/pages\/7698\/revisions"}],"predecessor-version":[{"id":8435,"href":"https:\/\/kbc-consultants.com\/us\/wp-json\/wp\/v2\/pages\/7698\/revisions\/8435"}],"up":[{"embeddable":true,"href":"https:\/\/kbc-consultants.com\/us\/wp-json\/wp\/v2\/pages\/7718"}],"wp:attachment":[{"href":"https:\/\/kbc-consultants.com\/us\/wp-json\/wp\/v2\/media?parent=7698"}],"wp:term":[{"taxonomy":"f4_portfolio_taxonomy","embeddable":true,"href":"https:\/\/kbc-consultants.com\/us\/wp-json\/wp\/v2\/f4_portfolio_taxonomy?post=7698"}],"curies":[{"name":"wp","href":"https:\/\/api.w.org\/{rel}","templated":true}]}}