{"id":5414,"date":"2023-08-15T15:35:22","date_gmt":"2023-08-15T13:35:22","guid":{"rendered":"https:\/\/stage.kbc-consultants.com\/karriere\/unternehmenskultur\/"},"modified":"2023-10-06T12:10:13","modified_gmt":"2023-10-06T10:10:13","slug":"corporate-culture","status":"publish","type":"page","link":"https:\/\/kbc-consultants.com\/en\/career\/corporate-culture\/","title":{"rendered":"Corporate Culture"},"content":{"rendered":"\n<p class=\"is-style-tagline\">CORPORATE CULTURE<\/p>\n\n\n\n<h1 class=\"wp-block-heading\">A CULTURE THAT ENCOURAGES<\/h1>\n\n\n\n<p class=\"is-style-merriweather\">Our work culture is characterized in particular by individuality, care, appreciation and trust. For us, this means addressing employees in their individual life situations and providing them with a working environment in which they can develop, master challenging tasks and live out their individual life plans.<\/p>\n\n\n\n<div  class=\" f4-block-team-single-teaser-kbc alignfull is-layout-constrained type-default alignfull alignleft has-background has-secondary-background-color\"   >\n\n    <div class=\"team-single__wrapper\">\n        <div class=\"block-media\">\n            <div class=\"f4_img--adaptive optional-image\" ><div class=\"f4_img-container f4_img--mobile square\" ><img loading=\"lazy\" width=\"700\" height=\"700\" src=\"https:\/\/kbc-consultants.com\/wp-content\/uploads\/2023\/08\/Unternehmenskultur_Feedback-700x700.png\" class=\"attachment-square size-square\" alt=\"\" decoding=\"async\" srcset=\"https:\/\/kbc-consultants.com\/wp-content\/uploads\/2023\/08\/Unternehmenskultur_Feedback-700x700.png 700w, https:\/\/kbc-consultants.com\/wp-content\/uploads\/2023\/08\/Unternehmenskultur_Feedback-150x150.png 150w, https:\/\/kbc-consultants.com\/wp-content\/uploads\/2023\/08\/Unternehmenskultur_Feedback-300x300.png 300w\" sizes=\"auto, (max-width: 700px) 100vw, 700px\" \/><\/div><div class=\"f4_img-container f4_img--desktop square\" ><img loading=\"lazy\" width=\"700\" height=\"700\" src=\"https:\/\/kbc-consultants.com\/wp-content\/uploads\/2023\/08\/Unternehmenskultur_Feedback-700x700.png\" class=\"attachment-square size-square\" alt=\"\" decoding=\"async\" srcset=\"https:\/\/kbc-consultants.com\/wp-content\/uploads\/2023\/08\/Unternehmenskultur_Feedback-700x700.png 700w, https:\/\/kbc-consultants.com\/wp-content\/uploads\/2023\/08\/Unternehmenskultur_Feedback-150x150.png 150w, https:\/\/kbc-consultants.com\/wp-content\/uploads\/2023\/08\/Unternehmenskultur_Feedback-300x300.png 300w\" sizes=\"auto, (max-width: 700px) 100vw, 700px\" \/><\/div><\/div>        <\/div>\n\n\n\n        <div class=\"block-inner\">\n            <div class=\"content-wrapper\">\n\n                <div class=\"acf-innerblocks-container\">\n\n<h2 class=\"wp-block-heading\" id=\"feedback\">Feedback<\/h2>\n\n\n\n<p class=\"is-style-roboto\">We have flat hierarchies and promote an open feedback culture. Mutual recognition also plays a major role.<\/p>\n\n\n\n<p class=\"is-style-roboto\">A continuous and detailed feedback process reflects your performance and gives you the opportunity to orientate and measure yourself against expectations.<\/p>\n\n\n\n<p style=\"padding-top:16px;padding-bottom:16px\"><\/p>\n\n\n\n<h2 class=\"wp-block-heading\" id=\"individuality\">INDIVIDUALITY<\/h2>\n\n\n\n<p class=\"is-style-roboto\">We attach great importance to individuality, but at the same time no one goes their own way with us. Whether there are project challenges to overcome or successes to celebrate, we at KBC share that with each other. Become part of our team and experience our culture first hand.<\/p>\n\n<\/div>            <\/div>\n        <\/div>\n    <\/div>\n\n<\/div>\n\n\n\n<div  class=\" f4-block-team-single-teaser-kbc alignfull is-layout-constrained type-default alignfull alignright has-background has-default-background-color\"   >\n\n    <div class=\"team-single__wrapper\">\n        <div class=\"block-media\">\n            <div class=\"f4_img--adaptive optional-image\" ><div class=\"f4_img-container f4_img--mobile square\" ><img loading=\"lazy\" width=\"700\" height=\"700\" src=\"https:\/\/kbc-consultants.com\/wp-content\/uploads\/2023\/08\/Unternehmenskultur_Kaffee-700x700.png\" class=\"attachment-square size-square\" alt=\"\" decoding=\"async\" srcset=\"https:\/\/kbc-consultants.com\/wp-content\/uploads\/2023\/08\/Unternehmenskultur_Kaffee-700x700.png 700w, https:\/\/kbc-consultants.com\/wp-content\/uploads\/2023\/08\/Unternehmenskultur_Kaffee-150x150.png 150w, https:\/\/kbc-consultants.com\/wp-content\/uploads\/2023\/08\/Unternehmenskultur_Kaffee-300x300.png 300w\" sizes=\"auto, (max-width: 700px) 100vw, 700px\" \/><\/div><div class=\"f4_img-container f4_img--desktop square\" ><img loading=\"lazy\" width=\"700\" height=\"700\" src=\"https:\/\/kbc-consultants.com\/wp-content\/uploads\/2023\/08\/Unternehmenskultur_Kaffee-700x700.png\" class=\"attachment-square size-square\" alt=\"\" decoding=\"async\" srcset=\"https:\/\/kbc-consultants.com\/wp-content\/uploads\/2023\/08\/Unternehmenskultur_Kaffee-700x700.png 700w, https:\/\/kbc-consultants.com\/wp-content\/uploads\/2023\/08\/Unternehmenskultur_Kaffee-150x150.png 150w, https:\/\/kbc-consultants.com\/wp-content\/uploads\/2023\/08\/Unternehmenskultur_Kaffee-300x300.png 300w\" sizes=\"auto, (max-width: 700px) 100vw, 700px\" \/><\/div><\/div>        <\/div>\n\n\n\n        <div class=\"block-inner\">\n            <div class=\"content-wrapper\">\n\n                <div class=\"acf-innerblocks-container\">\n\n<h2 class=\"wp-block-heading\" id=\"work-life-balance\">WORK-LIFE-BALANCE<\/h2>\n\n\n\n<p class=\"has-text-align-left is-style-roboto\">KBC supports the personal development and life plan of every employee. After all, priorities in your private or professional life change, and so do your working hours. We offer you the opportunity to individually adjust your working hours to balance your work and private life. In this way, we create the basis for a good work-life balance, so that you have enough freedom for family and self-fulfillment &#8211; whether for voluntary work, further education or caring for a family member. We also allow you to take sabbaticals, if the company&#8217;s resources permit.<\/p>\n\n\n\n<p class=\"has-text-align-left\">We make it easy to combine a career as a consultant with family life: We grant fathers special leave after the birth of their child and make it easier for mothers to return to work, for example after parental leave, with flexible working time models and professional update training. In doing so, we take into account the legal requirements.<\/p>\n\n<\/div>            <\/div>\n        <\/div>\n    <\/div>\n\n<\/div>\n\n\n\n<div  class=\" f4-block-team-single-teaser-kbc alignfull is-layout-constrained type-default alignfull alignleft has-background has-primary-background-color\"   >\n\n    <div class=\"team-single__wrapper\">\n        <div class=\"block-media\">\n            <div class=\"f4_img--adaptive optional-image\" ><div class=\"f4_img-container f4_img--mobile square\" ><img loading=\"lazy\" width=\"700\" height=\"700\" src=\"https:\/\/kbc-consultants.com\/wp-content\/uploads\/2023\/08\/DJI_0133-700x700.jpg\" class=\"attachment-square size-square\" alt=\"\" decoding=\"async\" srcset=\"https:\/\/kbc-consultants.com\/wp-content\/uploads\/2023\/08\/DJI_0133-700x700.jpg 700w, https:\/\/kbc-consultants.com\/wp-content\/uploads\/2023\/08\/DJI_0133-150x150.jpg 150w\" sizes=\"auto, (max-width: 700px) 100vw, 700px\" \/><\/div><div class=\"f4_img-container f4_img--desktop square\" ><img loading=\"lazy\" width=\"700\" height=\"700\" src=\"https:\/\/kbc-consultants.com\/wp-content\/uploads\/2023\/08\/DJI_0133-700x700.jpg\" class=\"attachment-square size-square\" alt=\"\" decoding=\"async\" srcset=\"https:\/\/kbc-consultants.com\/wp-content\/uploads\/2023\/08\/DJI_0133-700x700.jpg 700w, https:\/\/kbc-consultants.com\/wp-content\/uploads\/2023\/08\/DJI_0133-150x150.jpg 150w\" sizes=\"auto, (max-width: 700px) 100vw, 700px\" \/><\/div><\/div>        <\/div>\n\n\n\n        <div class=\"block-inner\">\n            <div class=\"content-wrapper\">\n\n                <div class=\"acf-innerblocks-container\">\n\n<h2 class=\"wp-block-heading\" id=\"teamevents\">Teamevents<\/h2>\n\n\n\n<p class=\"is-style-roboto\">As an integral part of our corporate culture, we also organize regular events that you will definitely tell your friends about. In addition to tennis tournaments, summer parties, Oktoberfest visits and Christmas parties, the multi-day team excursion to other European countries promotes team cohesion and makes up our very special team spirit.<\/p>\n\n\n\n<p class=\"is-style-roboto\">Informative fireside evenings and our weekly alternating yoga sessions and circuit trainings &#8211; conducted by employees &#8211; are very popular.<\/p>\n\n<\/div>            <\/div>\n        <\/div>\n    <\/div>\n\n<\/div>\n\n\n\n<div  class=\" f4-block-team-single-teaser-kbc alignfull is-layout-constrained type-default alignfull alignright has-background has-default-background-color\"   >\n\n    <div class=\"team-single__wrapper\">\n        <div class=\"block-media\">\n            <div class=\"f4_img--adaptive optional-image\" ><div class=\"f4_img-container f4_img--mobile square\" ><img loading=\"lazy\" width=\"700\" height=\"700\" src=\"https:\/\/kbc-consultants.com\/wp-content\/uploads\/2023\/08\/Unternehmenskultur_Gruppe_Stufen-700x700.png\" class=\"attachment-square size-square\" alt=\"\" decoding=\"async\" srcset=\"https:\/\/kbc-consultants.com\/wp-content\/uploads\/2023\/08\/Unternehmenskultur_Gruppe_Stufen-700x700.png 700w, https:\/\/kbc-consultants.com\/wp-content\/uploads\/2023\/08\/Unternehmenskultur_Gruppe_Stufen-150x150.png 150w, https:\/\/kbc-consultants.com\/wp-content\/uploads\/2023\/08\/Unternehmenskultur_Gruppe_Stufen-300x300.png 300w\" sizes=\"auto, (max-width: 700px) 100vw, 700px\" \/><\/div><div class=\"f4_img-container f4_img--desktop square\" ><img loading=\"lazy\" width=\"700\" height=\"700\" src=\"https:\/\/kbc-consultants.com\/wp-content\/uploads\/2023\/08\/Unternehmenskultur_Gruppe_Stufen-700x700.png\" class=\"attachment-square size-square\" alt=\"\" decoding=\"async\" srcset=\"https:\/\/kbc-consultants.com\/wp-content\/uploads\/2023\/08\/Unternehmenskultur_Gruppe_Stufen-700x700.png 700w, https:\/\/kbc-consultants.com\/wp-content\/uploads\/2023\/08\/Unternehmenskultur_Gruppe_Stufen-150x150.png 150w, https:\/\/kbc-consultants.com\/wp-content\/uploads\/2023\/08\/Unternehmenskultur_Gruppe_Stufen-300x300.png 300w\" sizes=\"auto, (max-width: 700px) 100vw, 700px\" \/><\/div><\/div>        <\/div>\n\n\n\n        <div class=\"block-inner\">\n            <div class=\"content-wrapper\">\n\n                <div class=\"acf-innerblocks-container\">\n\n<h2 class=\"wp-block-heading\" id=\"diversity\">WE LIVE DIVERSITY<\/h2>\n\n\n\n<p class=\"is-style-roboto\">People are at the center of everything we do. Each and every one of us has their own personality, talents and history. That&#8217;s what makes our team spirit so special. We see diversity, equality and inclusion not only as a duty, but above all as an enrichment. Because: all these differences help us to always find the best solution together with our customers. The doors to a career at KBC are open to everyone.<\/p>\n\n\n\n<p>Our employees are deployed and paid according to their respective hierarchy level, regardless of gender or gender identity, i.e. there is no gender pay gap at our company. Our project teams are composed exclusively according to competencies and are therefore completely gender-neutral.<\/p>\n\n\n\n<p>We are particularly considerate of religion and ideology. There are opportunities to retreat for prayer and meditation. We also take vegetarian, pescetarian, vegan and halal diets into account. Our premises, including a toilet for the disabled, are barrier-free and very generously designed. All entrances are accessible by elevator or at ground level. Equipment such as dishes and office supplies are located within appropriate reach.<\/p>\n\n<\/div>            <\/div>\n        <\/div>\n    <\/div>\n\n<\/div>\n\n\n\n<div  class=\" f4-block-team-single-teaser-kbc alignfull is-layout-constrained type-large alignfull alignleft has-background has-tertiary-background-color\"   >\n\n    <div class=\"team-single__wrapper\">\n        <div class=\"block-media\">\n            <div class=\"team_member  align--left\"><div class=\"team_member__image\"><div class=\"f4_img--adaptive team-single-image\" ><div class=\"f4_img-container f4_img--mobile square\" ><img width=\"700\" height=\"700\" src=\"https:\/\/kbc-consultants.com\/wp-content\/uploads\/2023\/08\/Constanze_Schoeffmann-700x700.png\" class=\"attachment-square size-square\" alt=\"Weibliche Person, schwarze mittellange Haare, braune Augen, l\u00e4chelnd, tr\u00e4gt ein lila Oberteil, helle Hose und dunkelblauer Blazer, stehend mit beiden H\u00e4nden in den Hosentaschen\" decoding=\"async\" loading=\"lazy\" srcset=\"https:\/\/kbc-consultants.com\/wp-content\/uploads\/2023\/08\/Constanze_Schoeffmann-700x700.png 700w, https:\/\/kbc-consultants.com\/wp-content\/uploads\/2023\/08\/Constanze_Schoeffmann-150x150.png 150w, https:\/\/kbc-consultants.com\/wp-content\/uploads\/2023\/08\/Constanze_Schoeffmann-300x300.png 300w\" sizes=\"auto, (max-width: 700px) 100vw, 700px\" \/><\/div><div class=\"f4_img-container f4_img--desktop square\" ><img width=\"700\" height=\"700\" src=\"https:\/\/kbc-consultants.com\/wp-content\/uploads\/2023\/08\/Constanze_Schoeffmann-700x700.png\" class=\"attachment-square size-square\" alt=\"Weibliche Person, schwarze mittellange Haare, braune Augen, l\u00e4chelnd, tr\u00e4gt ein lila Oberteil, helle Hose und dunkelblauer Blazer, stehend mit beiden H\u00e4nden in den Hosentaschen\" decoding=\"async\" loading=\"lazy\" srcset=\"https:\/\/kbc-consultants.com\/wp-content\/uploads\/2023\/08\/Constanze_Schoeffmann-700x700.png 700w, https:\/\/kbc-consultants.com\/wp-content\/uploads\/2023\/08\/Constanze_Schoeffmann-150x150.png 150w, https:\/\/kbc-consultants.com\/wp-content\/uploads\/2023\/08\/Constanze_Schoeffmann-300x300.png 300w\" sizes=\"auto, (max-width: 700px) 100vw, 700px\" \/><\/div><\/div><\/div><div class=\"team_member__copy\"><div class=\"team_member__title\">Constanze Sch\u00f6ffmann<\/div><div class=\"team_member__jobtitle\">Director Human Resources<\/div><ul class=\"team_contact_links\"><li class=\"wp-block-button has-icon icon--email-default\"><a class=\"wp-block-button__link\" title=\"mailto:karriere@kbc-consultants.com\" href=\"mailto:karriere@kbc-consultants.com\" target=\"_blank\" rel=\"noreferrer\" itemprop=\"sameAs\"><\/a><\/li><\/ul><\/div><\/div>        <\/div>\n\n\n\n        <div class=\"block-inner\">\n            <div class=\"content-wrapper\">\n\n                <div class=\"acf-innerblocks-container\">\n\n<p class=\"is-style-tagline\">YOU HAVE QUESTIONS ABOUT OUR CORPORATE CULTURE?<\/p>\n\n\n\n<p class=\"is-style-h3\">Your Contact person<\/p>\n\n<\/div>            <\/div>\n        <\/div>\n    <\/div>\n\n<\/div>\n","protected":false},"excerpt":{"rendered":"<p>Our work culture is characterized in particular by individuality, care, appreciation and trust. For us, this means addressing employees in their individual life situations and providing them with a working environment in which they can develop, master challenging tasks and live out their individual life plans.<\/p>\n<p>Feedback<\/p>\n<p>We have flat hierarchies and promote an open feedback culture. Mutual recognition also plays a major role.<\/p>\n<p>A continuous and detailed feedback process reflects your performance and gives you the opportunity to orientate and measure yourself against expectations.<\/p>\n<p>INDIVIDUALITY<\/p>\n<p>We attach great importance to individuality, but at the same time no one goes their own way with us. Whether there are project challenges to overcome or successes to celebrate, we at KBC share that with each other. Become part of our team and experience our culture first hand.<\/p>\n<p>WORK-LIFE-BALANCE<\/p>\n<p>KBC supports the personal development and life plan of every employee. After all, priorities in your private or professional life change, and so do your working hours. We offer you the opportunity to individually adjust your working hours to balance your work and private life. In this way, we create the basis for a good work-life balance, so that you have enough freedom for family and self-fulfillment &#8211; whether for voluntary work, further education or caring for a family member. We also allow you to take sabbaticals, if the company&#8217;s resources permit.<\/p>\n<p>We make it easy to combine a career as a consultant with family life: We grant fathers special leave after the birth of their child and make it easier for mothers to return to work, for example after parental leave, with flexible working time models and professional update training. In doing so, we take into account the legal requirements.<\/p>\n<p>Teamevents<\/p>\n<p>As an integral part of our corporate culture, we also organize regular events that you will definitely tell your friends about. In addition to tennis tournaments, summer parties, Oktoberfest visits and Christmas parties, the multi-day team excursion to other European countries promotes team cohesion and makes up our very special team spirit.<\/p>\n<p>Informative fireside evenings and our weekly alternating yoga sessions and circuit trainings &#8211; conducted by employees &#8211; are very popular.<\/p>\n<p>WE LIVE DIVERSITY<\/p>\n<p>People are at the center of everything we do. Each and every one of us has their own personality, talents and history. That&#8217;s what makes our team spirit so special. We see diversity, equality and inclusion not only as a duty, but above all as an enrichment. Because: all these differences help us to always find the best solution together with our customers. The doors to a career at KBC are open to everyone.<\/p>\n<p>Our employees are deployed and paid according to their respective hierarchy level, regardless of gender or gender identity, i.e. there is no gender pay gap at our company. Our project teams are composed exclusively according to competencies and are therefore completely gender-neutral.<\/p>\n<p>We are particularly considerate of religion and ideology. There are opportunities to retreat for prayer and meditation. We also take vegetarian, pescetarian, vegan and halal diets into account. Our premises, including a toilet for the disabled, are barrier-free and very generously designed. All entrances are accessible by elevator or at ground level. Equipment such as dishes and office supplies are located within appropriate reach.<\/p>\n<p>YOU HAVE QUESTIONS ABOUT OUR CORPORATE CULTURE?<\/p>\n<p>Your Contact person<\/p>\n","protected":false},"author":9,"featured_media":0,"parent":5378,"menu_order":0,"comment_status":"closed","ping_status":"closed","template":"","meta":{"footnotes":""},"f4_portfolio_taxonomy":[],"class_list":["post-5414","page","type-page","status-publish","hentry"],"yoast_head":"<!-- This site is optimized with the Yoast SEO plugin v27.0 - https:\/\/yoast.com\/product\/yoast-seo-wordpress\/ -->\n<title>Corporate Culture - KBC: A corporate culture that inspires<\/title>\n<meta name=\"description\" content=\"We maintain an appreciative, trusting and honest relationship \u25ba Become part of the team and experience our culture and unique team spirit up close.\" \/>\n<meta name=\"robots\" content=\"index, follow, max-snippet:-1, max-image-preview:large, max-video-preview:-1\" \/>\n<link rel=\"canonical\" href=\"https:\/\/kbc-consultants.com\/en\/career\/corporate-culture\/\" \/>\n<meta property=\"og:locale\" content=\"en_GB\" \/>\n<meta property=\"og:type\" content=\"article\" \/>\n<meta property=\"og:title\" content=\"Corporate Culture - KBC: A corporate culture that inspires\" \/>\n<meta property=\"og:description\" content=\"We maintain an appreciative, trusting and honest relationship \u25ba Become part of the team and experience our culture and unique team spirit up close.\" \/>\n<meta property=\"og:url\" content=\"https:\/\/kbc-consultants.com\/en\/career\/corporate-culture\/\" \/>\n<meta property=\"og:site_name\" content=\"KBC\" \/>\n<meta property=\"article:modified_time\" content=\"2023-10-06T10:10:13+00:00\" \/>\n<meta name=\"twitter:card\" content=\"summary_large_image\" \/>\n<meta name=\"twitter:label1\" content=\"Est. reading time\" \/>\n\t<meta name=\"twitter:data1\" content=\"4 minutes\" \/>\n<script type=\"application\/ld+json\" class=\"yoast-schema-graph\">{\"@context\":\"https:\/\/schema.org\",\"@graph\":[{\"@type\":\"WebPage\",\"@id\":\"https:\/\/kbc-consultants.com\/en\/career\/corporate-culture\/\",\"url\":\"https:\/\/kbc-consultants.com\/en\/career\/corporate-culture\/\",\"name\":\"Corporate Culture - KBC: A corporate culture that inspires\",\"isPartOf\":{\"@id\":\"https:\/\/kbc-consultants.com\/en\/#website\"},\"datePublished\":\"2023-08-15T13:35:22+00:00\",\"dateModified\":\"2023-10-06T10:10:13+00:00\",\"description\":\"We maintain an appreciative, trusting and honest relationship \u25ba Become part of the team and experience our culture and unique team spirit up close.\",\"breadcrumb\":{\"@id\":\"https:\/\/kbc-consultants.com\/en\/career\/corporate-culture\/#breadcrumb\"},\"inLanguage\":\"en-GB\",\"potentialAction\":[{\"@type\":\"ReadAction\",\"target\":[\"https:\/\/kbc-consultants.com\/en\/career\/corporate-culture\/\"]}]},{\"@type\":\"BreadcrumbList\",\"@id\":\"https:\/\/kbc-consultants.com\/en\/career\/corporate-culture\/#breadcrumb\",\"itemListElement\":[{\"@type\":\"ListItem\",\"position\":1,\"name\":\"Startseite\",\"item\":\"https:\/\/kbc-consultants.com\/en\/\"},{\"@type\":\"ListItem\",\"position\":2,\"name\":\"Career\",\"item\":\"https:\/\/kbc-consultants.com\/en\/career\/\"},{\"@type\":\"ListItem\",\"position\":3,\"name\":\"Corporate Culture\"}]},{\"@type\":\"WebSite\",\"@id\":\"https:\/\/kbc-consultants.com\/en\/#website\",\"url\":\"https:\/\/kbc-consultants.com\/en\/\",\"name\":\"KBC\",\"description\":\"\",\"publisher\":{\"@id\":\"https:\/\/kbc-consultants.com\/en\/#organization\"},\"potentialAction\":[{\"@type\":\"SearchAction\",\"target\":{\"@type\":\"EntryPoint\",\"urlTemplate\":\"https:\/\/kbc-consultants.com\/en\/?s={search_term_string}\"},\"query-input\":{\"@type\":\"PropertyValueSpecification\",\"valueRequired\":true,\"valueName\":\"search_term_string\"}}],\"inLanguage\":\"en-GB\"},{\"@type\":\"Organization\",\"@id\":\"https:\/\/kbc-consultants.com\/en\/#organization\",\"name\":\"KBC\",\"url\":\"https:\/\/kbc-consultants.com\/en\/\",\"logo\":{\"@type\":\"ImageObject\",\"inLanguage\":\"en-GB\",\"@id\":\"https:\/\/kbc-consultants.com\/en\/#\/schema\/logo\/image\/\",\"url\":\"https:\/\/kbc-consultants.com\/wp-content\/uploads\/2023\/09\/cropped-KBC_Bildmarke_pos.jpg\",\"contentUrl\":\"https:\/\/kbc-consultants.com\/wp-content\/uploads\/2023\/09\/cropped-KBC_Bildmarke_pos.jpg\",\"width\":512,\"height\":512,\"caption\":\"KBC\"},\"image\":{\"@id\":\"https:\/\/kbc-consultants.com\/en\/#\/schema\/logo\/image\/\"}}]}<\/script>\n<!-- \/ Yoast SEO plugin. -->","yoast_head_json":{"title":"Corporate Culture - KBC: A corporate culture that inspires","description":"We maintain an appreciative, trusting and honest relationship \u25ba Become part of the team and experience our culture and unique team spirit up close.","robots":{"index":"index","follow":"follow","max-snippet":"max-snippet:-1","max-image-preview":"max-image-preview:large","max-video-preview":"max-video-preview:-1"},"canonical":"https:\/\/kbc-consultants.com\/en\/career\/corporate-culture\/","og_locale":"en_GB","og_type":"article","og_title":"Corporate Culture - KBC: A corporate culture that inspires","og_description":"We maintain an appreciative, trusting and honest relationship \u25ba Become part of the team and experience our culture and unique team spirit up close.","og_url":"https:\/\/kbc-consultants.com\/en\/career\/corporate-culture\/","og_site_name":"KBC","article_modified_time":"2023-10-06T10:10:13+00:00","twitter_card":"summary_large_image","twitter_misc":{"Est. reading time":"4 minutes"},"schema":{"@context":"https:\/\/schema.org","@graph":[{"@type":"WebPage","@id":"https:\/\/kbc-consultants.com\/en\/career\/corporate-culture\/","url":"https:\/\/kbc-consultants.com\/en\/career\/corporate-culture\/","name":"Corporate Culture - KBC: A corporate culture that inspires","isPartOf":{"@id":"https:\/\/kbc-consultants.com\/en\/#website"},"datePublished":"2023-08-15T13:35:22+00:00","dateModified":"2023-10-06T10:10:13+00:00","description":"We maintain an appreciative, trusting and honest relationship \u25ba Become part of the team and experience our culture and unique team spirit up close.","breadcrumb":{"@id":"https:\/\/kbc-consultants.com\/en\/career\/corporate-culture\/#breadcrumb"},"inLanguage":"en-GB","potentialAction":[{"@type":"ReadAction","target":["https:\/\/kbc-consultants.com\/en\/career\/corporate-culture\/"]}]},{"@type":"BreadcrumbList","@id":"https:\/\/kbc-consultants.com\/en\/career\/corporate-culture\/#breadcrumb","itemListElement":[{"@type":"ListItem","position":1,"name":"Startseite","item":"https:\/\/kbc-consultants.com\/en\/"},{"@type":"ListItem","position":2,"name":"Career","item":"https:\/\/kbc-consultants.com\/en\/career\/"},{"@type":"ListItem","position":3,"name":"Corporate Culture"}]},{"@type":"WebSite","@id":"https:\/\/kbc-consultants.com\/en\/#website","url":"https:\/\/kbc-consultants.com\/en\/","name":"KBC","description":"","publisher":{"@id":"https:\/\/kbc-consultants.com\/en\/#organization"},"potentialAction":[{"@type":"SearchAction","target":{"@type":"EntryPoint","urlTemplate":"https:\/\/kbc-consultants.com\/en\/?s={search_term_string}"},"query-input":{"@type":"PropertyValueSpecification","valueRequired":true,"valueName":"search_term_string"}}],"inLanguage":"en-GB"},{"@type":"Organization","@id":"https:\/\/kbc-consultants.com\/en\/#organization","name":"KBC","url":"https:\/\/kbc-consultants.com\/en\/","logo":{"@type":"ImageObject","inLanguage":"en-GB","@id":"https:\/\/kbc-consultants.com\/en\/#\/schema\/logo\/image\/","url":"https:\/\/kbc-consultants.com\/wp-content\/uploads\/2023\/09\/cropped-KBC_Bildmarke_pos.jpg","contentUrl":"https:\/\/kbc-consultants.com\/wp-content\/uploads\/2023\/09\/cropped-KBC_Bildmarke_pos.jpg","width":512,"height":512,"caption":"KBC"},"image":{"@id":"https:\/\/kbc-consultants.com\/en\/#\/schema\/logo\/image\/"}}]}},"acf":[],"_links":{"self":[{"href":"https:\/\/kbc-consultants.com\/en\/wp-json\/wp\/v2\/pages\/5414","targetHints":{"allow":["GET"]}}],"collection":[{"href":"https:\/\/kbc-consultants.com\/en\/wp-json\/wp\/v2\/pages"}],"about":[{"href":"https:\/\/kbc-consultants.com\/en\/wp-json\/wp\/v2\/types\/page"}],"author":[{"embeddable":true,"href":"https:\/\/kbc-consultants.com\/en\/wp-json\/wp\/v2\/users\/9"}],"replies":[{"embeddable":true,"href":"https:\/\/kbc-consultants.com\/en\/wp-json\/wp\/v2\/comments?post=5414"}],"version-history":[{"count":1,"href":"https:\/\/kbc-consultants.com\/en\/wp-json\/wp\/v2\/pages\/5414\/revisions"}],"predecessor-version":[{"id":5434,"href":"https:\/\/kbc-consultants.com\/en\/wp-json\/wp\/v2\/pages\/5414\/revisions\/5434"}],"up":[{"embeddable":true,"href":"https:\/\/kbc-consultants.com\/en\/wp-json\/wp\/v2\/pages\/5378"}],"wp:attachment":[{"href":"https:\/\/kbc-consultants.com\/en\/wp-json\/wp\/v2\/media?parent=5414"}],"wp:term":[{"taxonomy":"f4_portfolio_taxonomy","embeddable":true,"href":"https:\/\/kbc-consultants.com\/en\/wp-json\/wp\/v2\/f4_portfolio_taxonomy?post=5414"}],"curies":[{"name":"wp","href":"https:\/\/api.w.org\/{rel}","templated":true}]}}